{"id":1774,"date":"2025-10-25T09:40:43","date_gmt":"2025-10-25T07:40:43","guid":{"rendered":"http:\/\/www.kinderlaterne.com\/?page_id=1774"},"modified":"2025-11-09T11:01:47","modified_gmt":"2025-11-09T10:01:47","slug":"spectacles","status":"publish","type":"page","link":"https:\/\/www.kinderlaterne.com\/index.php\/spectacles\/","title":{"rendered":"Spectacles"},"content":{"rendered":"\n<p><strong>19 octobre : Rapunzel<\/strong><\/p>\n\n\n\n<p><strong>Une fin d&rsquo;apr\u00e8s-midi magique pour petits et grands avec Kinderlaterne !<\/strong><\/p>\n\n\n\n<p><strong>Kinderlaterne a organis\u00e9 une sortie de l\u2019autre c\u00f4t\u00e9 du Rhin afin d\u2019assister au spectacle \u00ab\u202fRaiponce\u202f\u00bb au Th\u00e9\u00e2tre Eurodistrict Baden Alsace.<\/strong><\/p>\n\n\n\n<p>Plusieurs familles ont r\u00e9pondu \u00e0 notre invitation et ont eu le plaisir de red\u00e9couvrir cette c\u00e9l\u00e8bre histoire des fr\u00e8res Grimm, revisit\u00e9 par Jean-Michel R\u00e4ber en&nbsp;<strong>conte musical bilingue fran\u00e7ais\u2013allemand<\/strong>, id\u00e9al pour les enfants de 6 \u00e0 12 ans.<\/p>\n\n\n\n<p>Les com\u00e9diens du Theater BAAL ont transport\u00e9 enfants et adultes dans un univers fantastique et magique, ponctu\u00e9 de chants entra\u00eenants et de nombreux rebondissements, captivant ainsi petits et grands.<\/p>\n\n\n\n<p>La magie ne s\u2019est pas arr\u00eat\u00e9e l\u00e0\u202f: apr\u00e8s le spectacle, les enfants ont eu l\u2019occasion de commander leur&nbsp;<strong>go\u00fbter en allemand au caf\u00e9 Armbruster<\/strong>, mettant en pratique leur allemand dans un cadre convivial et festif. Une belle mani\u00e8re de prolonger ce moment et de cr\u00e9er des souvenirs inoubliables.<\/p>\n\n\n\n<p>Cette sortie a \u00e9t\u00e9 un v\u00e9ritable succ\u00e8s et nous rappelle combien il est pr\u00e9cieux de partager&nbsp;<strong>culture, musique et langue<\/strong>&nbsp;en famille. <\/p>\n\n\n\n<p>Restez connect\u00e9s\u202f:\u00a0<strong>d\u2019autres aventures Kinderlaterne vous attendent bient\u00f4t !<\/strong><\/p>\n\n\n\n<figure class=\"wp-block-image size-large\"><img loading=\"lazy\" decoding=\"async\" width=\"768\" height=\"1024\" src=\"https:\/\/www.kinderlaterne.com\/wp-content\/uploads\/2025\/11\/kinderlaterne_rapunzel_web-1-768x1024.jpg\" alt=\"\" class=\"wp-image-1817\" srcset=\"https:\/\/www.kinderlaterne.com\/wp-content\/uploads\/2025\/11\/kinderlaterne_rapunzel_web-1-768x1024.jpg 768w, https:\/\/www.kinderlaterne.com\/wp-content\/uploads\/2025\/11\/kinderlaterne_rapunzel_web-1-225x300.jpg 225w, https:\/\/www.kinderlaterne.com\/wp-content\/uploads\/2025\/11\/kinderlaterne_rapunzel_web-1-1152x1536.jpg 1152w, https:\/\/www.kinderlaterne.com\/wp-content\/uploads\/2025\/11\/kinderlaterne_rapunzel_web-1.jpg 1440w\" sizes=\"auto, (max-width: 768px) 100vw, 768px\" \/><\/figure>\n\n\n\n<figure class=\"wp-block-image size-large is-resized\"><img loading=\"lazy\" decoding=\"async\" width=\"768\" height=\"1024\" src=\"https:\/\/www.kinderlaterne.com\/wp-content\/uploads\/2025\/11\/kinderlaterne_rapunzel_web-2-768x1024.jpg\" alt=\"\" class=\"wp-image-1818\" style=\"width:881px;height:auto\" srcset=\"https:\/\/www.kinderlaterne.com\/wp-content\/uploads\/2025\/11\/kinderlaterne_rapunzel_web-2-768x1024.jpg 768w, https:\/\/www.kinderlaterne.com\/wp-content\/uploads\/2025\/11\/kinderlaterne_rapunzel_web-2-225x300.jpg 225w, https:\/\/www.kinderlaterne.com\/wp-content\/uploads\/2025\/11\/kinderlaterne_rapunzel_web-2-1152x1536.jpg 1152w, https:\/\/www.kinderlaterne.com\/wp-content\/uploads\/2025\/11\/kinderlaterne_rapunzel_web-2.jpg 1440w\" sizes=\"auto, (max-width: 768px) 100vw, 768px\" \/><\/figure>\n\n\n\n<figure class=\"wp-block-image size-large is-resized\"><img loading=\"lazy\" decoding=\"async\" width=\"1024\" height=\"768\" src=\"https:\/\/www.kinderlaterne.com\/wp-content\/uploads\/2025\/11\/kinderlaterne_rapunzel_web-3-1024x768.jpg\" alt=\"\" class=\"wp-image-1819\" style=\"width:880px;height:auto\" srcset=\"https:\/\/www.kinderlaterne.com\/wp-content\/uploads\/2025\/11\/kinderlaterne_rapunzel_web-3-1024x768.jpg 1024w, https:\/\/www.kinderlaterne.com\/wp-content\/uploads\/2025\/11\/kinderlaterne_rapunzel_web-3-300x225.jpg 300w, https:\/\/www.kinderlaterne.com\/wp-content\/uploads\/2025\/11\/kinderlaterne_rapunzel_web-3-768x576.jpg 768w, https:\/\/www.kinderlaterne.com\/wp-content\/uploads\/2025\/11\/kinderlaterne_rapunzel_web-3-1536x1152.jpg 1536w, https:\/\/www.kinderlaterne.com\/wp-content\/uploads\/2025\/11\/kinderlaterne_rapunzel_web-3.jpg 1920w\" sizes=\"auto, (max-width: 1024px) 100vw, 1024px\" \/><\/figure>\n\n\n\n<figure class=\"wp-block-image size-large\"><img loading=\"lazy\" decoding=\"async\" width=\"768\" height=\"1024\" src=\"https:\/\/www.kinderlaterne.com\/wp-content\/uploads\/2025\/11\/kinderlaterne_rapunzel_web-4-768x1024.jpg\" alt=\"\" class=\"wp-image-1820\" srcset=\"https:\/\/www.kinderlaterne.com\/wp-content\/uploads\/2025\/11\/kinderlaterne_rapunzel_web-4-768x1024.jpg 768w, https:\/\/www.kinderlaterne.com\/wp-content\/uploads\/2025\/11\/kinderlaterne_rapunzel_web-4-225x300.jpg 225w, https:\/\/www.kinderlaterne.com\/wp-content\/uploads\/2025\/11\/kinderlaterne_rapunzel_web-4-1152x1536.jpg 1152w, https:\/\/www.kinderlaterne.com\/wp-content\/uploads\/2025\/11\/kinderlaterne_rapunzel_web-4.jpg 1440w\" sizes=\"auto, (max-width: 768px) 100vw, 768px\" \/><\/figure>\n\n\n\n<figure class=\"wp-block-image size-large\"><img loading=\"lazy\" decoding=\"async\" width=\"768\" height=\"1024\" src=\"https:\/\/www.kinderlaterne.com\/wp-content\/uploads\/2025\/11\/kinderlaterne_rapunzel_web-5-768x1024.jpg\" alt=\"\" class=\"wp-image-1821\" srcset=\"https:\/\/www.kinderlaterne.com\/wp-content\/uploads\/2025\/11\/kinderlaterne_rapunzel_web-5-768x1024.jpg 768w, https:\/\/www.kinderlaterne.com\/wp-content\/uploads\/2025\/11\/kinderlaterne_rapunzel_web-5-225x300.jpg 225w, https:\/\/www.kinderlaterne.com\/wp-content\/uploads\/2025\/11\/kinderlaterne_rapunzel_web-5-1152x1536.jpg 1152w, https:\/\/www.kinderlaterne.com\/wp-content\/uploads\/2025\/11\/kinderlaterne_rapunzel_web-5.jpg 1440w\" sizes=\"auto, (max-width: 768px) 100vw, 768px\" \/><\/figure>\n\n\n\n<figure class=\"wp-block-image size-large\"><img loading=\"lazy\" decoding=\"async\" width=\"1024\" height=\"768\" src=\"https:\/\/www.kinderlaterne.com\/wp-content\/uploads\/2025\/11\/kinderlaterne_rapunzel_web-6-1024x768.jpg\" alt=\"\" class=\"wp-image-1822\" srcset=\"https:\/\/www.kinderlaterne.com\/wp-content\/uploads\/2025\/11\/kinderlaterne_rapunzel_web-6-1024x768.jpg 1024w, https:\/\/www.kinderlaterne.com\/wp-content\/uploads\/2025\/11\/kinderlaterne_rapunzel_web-6-300x225.jpg 300w, https:\/\/www.kinderlaterne.com\/wp-content\/uploads\/2025\/11\/kinderlaterne_rapunzel_web-6-768x576.jpg 768w, https:\/\/www.kinderlaterne.com\/wp-content\/uploads\/2025\/11\/kinderlaterne_rapunzel_web-6-1536x1152.jpg 1536w, https:\/\/www.kinderlaterne.com\/wp-content\/uploads\/2025\/11\/kinderlaterne_rapunzel_web-6.jpg 1920w\" sizes=\"auto, (max-width: 1024px) 100vw, 1024px\" \/><\/figure>\n\n\n\n<figure class=\"wp-block-image size-large\"><img loading=\"lazy\" decoding=\"async\" width=\"768\" height=\"1024\" src=\"https:\/\/www.kinderlaterne.com\/wp-content\/uploads\/2025\/11\/kinderlaterne_rapunzel_web-7-768x1024.jpg\" alt=\"\" class=\"wp-image-1823\" srcset=\"https:\/\/www.kinderlaterne.com\/wp-content\/uploads\/2025\/11\/kinderlaterne_rapunzel_web-7-768x1024.jpg 768w, https:\/\/www.kinderlaterne.com\/wp-content\/uploads\/2025\/11\/kinderlaterne_rapunzel_web-7-225x300.jpg 225w, https:\/\/www.kinderlaterne.com\/wp-content\/uploads\/2025\/11\/kinderlaterne_rapunzel_web-7-1152x1536.jpg 1152w, https:\/\/www.kinderlaterne.com\/wp-content\/uploads\/2025\/11\/kinderlaterne_rapunzel_web-7.jpg 1440w\" sizes=\"auto, (max-width: 768px) 100vw, 768px\" \/><\/figure>\n\n\n\n<figure class=\"wp-block-image size-large\"><img loading=\"lazy\" decoding=\"async\" width=\"768\" height=\"1024\" src=\"https:\/\/www.kinderlaterne.com\/wp-content\/uploads\/2025\/11\/kinderlaterne_rapunzel_web-9-768x1024.jpg\" alt=\"\" class=\"wp-image-1825\" srcset=\"https:\/\/www.kinderlaterne.com\/wp-content\/uploads\/2025\/11\/kinderlaterne_rapunzel_web-9-768x1024.jpg 768w, https:\/\/www.kinderlaterne.com\/wp-content\/uploads\/2025\/11\/kinderlaterne_rapunzel_web-9-225x300.jpg 225w, https:\/\/www.kinderlaterne.com\/wp-content\/uploads\/2025\/11\/kinderlaterne_rapunzel_web-9-1152x1536.jpg 1152w, https:\/\/www.kinderlaterne.com\/wp-content\/uploads\/2025\/11\/kinderlaterne_rapunzel_web-9.jpg 1440w\" sizes=\"auto, (max-width: 768px) 100vw, 768px\" \/><\/figure>\n\n\n\n<figure class=\"wp-block-image size-large\"><img loading=\"lazy\" decoding=\"async\" width=\"1024\" height=\"768\" src=\"https:\/\/www.kinderlaterne.com\/wp-content\/uploads\/2025\/11\/kinderlaterne_rapunzel_web-10-1024x768.jpg\" alt=\"\" class=\"wp-image-1826\" srcset=\"https:\/\/www.kinderlaterne.com\/wp-content\/uploads\/2025\/11\/kinderlaterne_rapunzel_web-10-1024x768.jpg 1024w, https:\/\/www.kinderlaterne.com\/wp-content\/uploads\/2025\/11\/kinderlaterne_rapunzel_web-10-300x225.jpg 300w, https:\/\/www.kinderlaterne.com\/wp-content\/uploads\/2025\/11\/kinderlaterne_rapunzel_web-10-768x576.jpg 768w, https:\/\/www.kinderlaterne.com\/wp-content\/uploads\/2025\/11\/kinderlaterne_rapunzel_web-10-1536x1152.jpg 1536w, https:\/\/www.kinderlaterne.com\/wp-content\/uploads\/2025\/11\/kinderlaterne_rapunzel_web-10.jpg 1920w\" sizes=\"auto, (max-width: 1024px) 100vw, 1024px\" \/><\/figure>\n\n\n\n<figure class=\"wp-block-image size-large\"><img loading=\"lazy\" decoding=\"async\" width=\"1024\" height=\"768\" src=\"https:\/\/www.kinderlaterne.com\/wp-content\/uploads\/2025\/11\/kinderlaterne_rapunzel_web-11-1024x768.jpg\" alt=\"\" class=\"wp-image-1827\" srcset=\"https:\/\/www.kinderlaterne.com\/wp-content\/uploads\/2025\/11\/kinderlaterne_rapunzel_web-11-1024x768.jpg 1024w, https:\/\/www.kinderlaterne.com\/wp-content\/uploads\/2025\/11\/kinderlaterne_rapunzel_web-11-300x225.jpg 300w, https:\/\/www.kinderlaterne.com\/wp-content\/uploads\/2025\/11\/kinderlaterne_rapunzel_web-11-768x576.jpg 768w, https:\/\/www.kinderlaterne.com\/wp-content\/uploads\/2025\/11\/kinderlaterne_rapunzel_web-11-1536x1152.jpg 1536w, https:\/\/www.kinderlaterne.com\/wp-content\/uploads\/2025\/11\/kinderlaterne_rapunzel_web-11.jpg 1920w\" sizes=\"auto, (max-width: 1024px) 100vw, 1024px\" \/><\/figure>\n\n\n\n<figure class=\"wp-block-image size-large\"><img loading=\"lazy\" decoding=\"async\" width=\"1024\" height=\"768\" src=\"https:\/\/www.kinderlaterne.com\/wp-content\/uploads\/2025\/11\/kinderlaterne_rapunzel_web-13-1024x768.jpg\" alt=\"\" class=\"wp-image-1829\" srcset=\"https:\/\/www.kinderlaterne.com\/wp-content\/uploads\/2025\/11\/kinderlaterne_rapunzel_web-13-1024x768.jpg 1024w, https:\/\/www.kinderlaterne.com\/wp-content\/uploads\/2025\/11\/kinderlaterne_rapunzel_web-13-300x225.jpg 300w, https:\/\/www.kinderlaterne.com\/wp-content\/uploads\/2025\/11\/kinderlaterne_rapunzel_web-13-768x576.jpg 768w, https:\/\/www.kinderlaterne.com\/wp-content\/uploads\/2025\/11\/kinderlaterne_rapunzel_web-13-1536x1152.jpg 1536w, https:\/\/www.kinderlaterne.com\/wp-content\/uploads\/2025\/11\/kinderlaterne_rapunzel_web-13.jpg 1920w\" sizes=\"auto, (max-width: 1024px) 100vw, 1024px\" \/><\/figure>\n","protected":false},"excerpt":{"rendered":"<p>19 octobre : Rapunzel Une fin d&rsquo;apr\u00e8s-midi magique pour petits et grands avec Kinderlaterne ! Kinderlaterne a organis\u00e9 une sortie de l\u2019autre c\u00f4t\u00e9 du Rhin<\/p>\n","protected":false},"author":1,"featured_media":0,"parent":0,"menu_order":0,"comment_status":"closed","ping_status":"closed","template":"","meta":{"footnotes":""},"class_list":["post-1774","page","type-page","status-publish","hentry"],"_links":{"self":[{"href":"https:\/\/www.kinderlaterne.com\/index.php\/wp-json\/wp\/v2\/pages\/1774","targetHints":{"allow":["GET"]}}],"collection":[{"href":"https:\/\/www.kinderlaterne.com\/index.php\/wp-json\/wp\/v2\/pages"}],"about":[{"href":"https:\/\/www.kinderlaterne.com\/index.php\/wp-json\/wp\/v2\/types\/page"}],"author":[{"embeddable":true,"href":"https:\/\/www.kinderlaterne.com\/index.php\/wp-json\/wp\/v2\/users\/1"}],"replies":[{"embeddable":true,"href":"https:\/\/www.kinderlaterne.com\/index.php\/wp-json\/wp\/v2\/comments?post=1774"}],"version-history":[{"count":3,"href":"https:\/\/www.kinderlaterne.com\/index.php\/wp-json\/wp\/v2\/pages\/1774\/revisions"}],"predecessor-version":[{"id":1834,"href":"https:\/\/www.kinderlaterne.com\/index.php\/wp-json\/wp\/v2\/pages\/1774\/revisions\/1834"}],"wp:attachment":[{"href":"https:\/\/www.kinderlaterne.com\/index.php\/wp-json\/wp\/v2\/media?parent=1774"}],"curies":[{"name":"wp","href":"https:\/\/api.w.org\/{rel}","templated":true}]}}