{"id":311,"date":"2017-08-28T21:43:23","date_gmt":"2017-08-28T19:43:23","guid":{"rendered":"http:\/\/www.kinderlaterne.com\/?page_id=311"},"modified":"2025-10-25T11:05:01","modified_gmt":"2025-10-25T09:05:01","slug":"contact-kinderlaterne","status":"publish","type":"page","link":"https:\/\/www.kinderlaterne.com\/index.php\/contact-kinderlaterne\/","title":{"rendered":"Contact Kinderlaterne"},"content":{"rendered":"\n<p>Besoin de renseignements ? Des conseils, des id\u00e9es?<\/p>\n\n\n\n<p>N\u2019h\u00e9sitez pas, nous sommes \u00e0 votre \u00e9coute !<\/p>\n\n\n\n<p>Adresse:<\/p>\n\n\n\n<p>KINDERLATERNE<\/p>\n\n\n\n<p>8, square St Charles<\/p>\n\n\n\n<p>F-67210 OBERNAI<\/p>\n\n\n\n<p>Email:\u00a0<a href=\"mailto:kinderlaterne@gmail.com\">kinderlaterne@gmail.com<\/a><\/p>\n\n\n\n<p>+ <a href=\"https:\/\/www.facebook.com\/kinderlaterne\/?ref=bookmarks\">Facebook\u00a0<\/a>: sur les animations et sorties organis\u00e9es par Kinderlaterne, ainsi que sur les nouveaut\u00e9s, \u00e9v\u00e9nements outre-rhin et\u00a0en Alsace\u00a0!<\/p>\n\n\n\n<p>Sans oublier le Journal d\u2019ELTERN Alsace et sa mine d\u2019infos.<\/p>\n","protected":false},"excerpt":{"rendered":"<p>Besoin de renseignements ? Des conseils, des id\u00e9es? N\u2019h\u00e9sitez pas, nous sommes \u00e0 votre \u00e9coute ! Adresse: KINDERLATERNE 8, square St Charles F-67210 OBERNAI Email:\u00a0kinderlaterne@gmail.com<\/p>\n","protected":false},"author":1,"featured_media":0,"parent":0,"menu_order":0,"comment_status":"closed","ping_status":"closed","template":"","meta":{"footnotes":""},"class_list":["post-311","page","type-page","status-publish","hentry"],"_links":{"self":[{"href":"https:\/\/www.kinderlaterne.com\/index.php\/wp-json\/wp\/v2\/pages\/311","targetHints":{"allow":["GET"]}}],"collection":[{"href":"https:\/\/www.kinderlaterne.com\/index.php\/wp-json\/wp\/v2\/pages"}],"about":[{"href":"https:\/\/www.kinderlaterne.com\/index.php\/wp-json\/wp\/v2\/types\/page"}],"author":[{"embeddable":true,"href":"https:\/\/www.kinderlaterne.com\/index.php\/wp-json\/wp\/v2\/users\/1"}],"replies":[{"embeddable":true,"href":"https:\/\/www.kinderlaterne.com\/index.php\/wp-json\/wp\/v2\/comments?post=311"}],"version-history":[{"count":9,"href":"https:\/\/www.kinderlaterne.com\/index.php\/wp-json\/wp\/v2\/pages\/311\/revisions"}],"predecessor-version":[{"id":1812,"href":"https:\/\/www.kinderlaterne.com\/index.php\/wp-json\/wp\/v2\/pages\/311\/revisions\/1812"}],"wp:attachment":[{"href":"https:\/\/www.kinderlaterne.com\/index.php\/wp-json\/wp\/v2\/media?parent=311"}],"curies":[{"name":"wp","href":"https:\/\/api.w.org\/{rel}","templated":true}]}}