{"id":375,"date":"2017-08-30T21:26:21","date_gmt":"2017-08-30T19:26:21","guid":{"rendered":"http:\/\/www.kinderlaterne.com\/?page_id=375"},"modified":"2025-10-25T10:51:00","modified_gmt":"2025-10-25T08:51:00","slug":"qui-sommes-nous","status":"publish","type":"page","link":"https:\/\/www.kinderlaterne.com\/index.php\/qui-sommes-nous\/","title":{"rendered":"L&rsquo;origine de l&rsquo;association"},"content":{"rendered":"\n<p><strong>L\u2019association Kinderlaterne<\/strong>\u00a0est n\u00e9e d\u2019un groupe de parents convaincus que l\u2019avenir de nos enfants passe par l\u2019ouverture sur les autres, tant culturelle que linguistique. <\/p>\n\n\n\n<p>Aujourd\u2019hui, nombreux sont les villes et villages o\u00f9 les parents ont la possibilit\u00e9 de choisir entre le monolinguisme ou le bilinguisme pour leurs enfants, surtout dans le Nord et le Sud de l\u2019Alsace. <\/p>\n\n\n\n<p>Nous voulions offrir cette possibilit\u00e9 \u00e0 Obernai, ville dont le dynamisme et l\u2019attractivit\u00e9 sont largement connus et reconnus.<\/p>\n\n\n\n<p><strong>C\u2019est pourquoi KINDERLATERNE a soutenu l\u2019ouverture d\u2019un site bilingue \u00e0 l\u2019Ecole maternelle Camille Claudel&nbsp;\u00e0 la rentr\u00e9e 2006.<\/strong><\/p>\n\n\n\n<p>Depuis, l\u2019association a d\u00e9velopp\u00e9 de nombreuses initiatives pour accompagner les parents d\u2019\u00e9l\u00e8ves bilingues&nbsp;et donner vie \u00e0 l\u2019apprentissage de la langue.<\/p>\n\n\n\n<p><\/p>\n\n\n\n<p><\/p>\n\n\n\n<p><\/p>\n","protected":false},"excerpt":{"rendered":"<p>L\u2019association Kinderlaterne\u00a0est n\u00e9e d\u2019un groupe de parents convaincus que l\u2019avenir de nos enfants passe par l\u2019ouverture sur les autres, tant culturelle que linguistique. Aujourd\u2019hui, nombreux<\/p>\n","protected":false},"author":1,"featured_media":0,"parent":0,"menu_order":0,"comment_status":"closed","ping_status":"closed","template":"","meta":{"footnotes":""},"class_list":["post-375","page","type-page","status-publish","hentry"],"_links":{"self":[{"href":"https:\/\/www.kinderlaterne.com\/index.php\/wp-json\/wp\/v2\/pages\/375","targetHints":{"allow":["GET"]}}],"collection":[{"href":"https:\/\/www.kinderlaterne.com\/index.php\/wp-json\/wp\/v2\/pages"}],"about":[{"href":"https:\/\/www.kinderlaterne.com\/index.php\/wp-json\/wp\/v2\/types\/page"}],"author":[{"embeddable":true,"href":"https:\/\/www.kinderlaterne.com\/index.php\/wp-json\/wp\/v2\/users\/1"}],"replies":[{"embeddable":true,"href":"https:\/\/www.kinderlaterne.com\/index.php\/wp-json\/wp\/v2\/comments?post=375"}],"version-history":[{"count":3,"href":"https:\/\/www.kinderlaterne.com\/index.php\/wp-json\/wp\/v2\/pages\/375\/revisions"}],"predecessor-version":[{"id":1802,"href":"https:\/\/www.kinderlaterne.com\/index.php\/wp-json\/wp\/v2\/pages\/375\/revisions\/1802"}],"wp:attachment":[{"href":"https:\/\/www.kinderlaterne.com\/index.php\/wp-json\/wp\/v2\/media?parent=375"}],"curies":[{"name":"wp","href":"https:\/\/api.w.org\/{rel}","templated":true}]}}