{"id":55,"date":"2017-03-18T16:49:40","date_gmt":"2017-03-18T15:49:40","guid":{"rendered":"http:\/\/test.kinderlaterne.com\/?page_id=55"},"modified":"2017-03-18T16:51:46","modified_gmt":"2017-03-18T15:51:46","slug":"creer-un-site-bilingue","status":"publish","type":"page","link":"https:\/\/www.kinderlaterne.com\/index.php\/le-bilinguisme\/creer-un-site-bilingue\/","title":{"rendered":"Cr\u00e9er un site bilingue ?"},"content":{"rendered":"<p>L\u2019ouverture d\u2019une classe (ou section) bilingue suppose l&rsquo;existence d&rsquo;une demande exprim\u00e9e et reconnue avec un minimum de 15 \u00e9l\u00e8ves. Cette cr\u00e9ation peut r\u00e9sulter d&rsquo;une initiative de l\u2019administration scolaire, des parents, des enseignants, des communes ou des collectivit\u00e9s territoriales<\/p>\n<p>signataires de la <a href=\"http:\/\/www.olcalsace.org\/fr\/textes-de-reference\/textes-de-reference.html\">Convention Etat-Collectivit\u00e9s portant sur la politique r\u00e9gionale des langues vivantes dans le syst\u00e8me \u00e9ducatif en Alsace prenant appui sur un apprentissage pr\u00e9coce de la langue r\u00e9gionale pour la p\u00e9riode 2007-2013<\/a>. Les parents doivent faire conna\u00eetre aupr\u00e8s du maire et des autorit\u00e9s acad\u00e9miques leur souhait de voir leur enfant b\u00e9n\u00e9ficier d&rsquo;un enseignement bilingue paritaire pr\u00e9coce. Nous vous invitons \u00e0 prendre contact avec l&rsquo;association <a href=\"http:\/\/www.eltern-bilinguisme.org\/fr\/boite-a-outils\/ouverture-d-un-nouveau-site\/\">Eltern<\/a> qui vous accompagnera dans cette d\u00e9marche.<\/p>\n<p>&nbsp;<\/p>\n<p>Dans tous les cas, il est souhaitable que la demande soit d\u00e9pos\u00e9e le plus t\u00f4t possible (d\u00e8s la rentr\u00e9e pr\u00e9c\u00e9dent la scolarit\u00e9 en maternelle) pour \u00eatre suivie d&rsquo;une mise en place de la classe ou de la section \u00e0 la rentr\u00e9e suivante.<\/p>\n<p>&nbsp;<\/p>\n<p>Les modalit\u00e9s de constitution et de d\u00e9veloppement des classes ou des sections bilingues \u00e0 parit\u00e9 horaire dans le cadre d\u2019une programmation pluriannuelle sont \u00e9nonc\u00e9es dans la <a href=\"http:\/\/www.education.gouv.fr\/bo\/2001\/33\/encartd.htm\">circulaire minist\u00e9rielle N\u00b0 2001-167 du 5-9-2001\u00a0: Modalit\u00e9s de mise en \u0153uvre de l\u2019enseignement bilingue \u00e0 parit\u00e9 horaire<\/a>\u00a0.<\/p>\n<p>&nbsp;<\/p>\n<div align=\"left\"><\/div>\n<div align=\"left\">Kinderlaterne, ainsi que l&rsquo;association <a href=\"http:\/\/www.eltern-bilinguisme.org\/\">Eltern<\/a> est \u00e0 votre disposition pour tout renseignement et vous aider dans vos d\u00e9marches.<\/div>\n","protected":false},"excerpt":{"rendered":"<p>L\u2019ouverture d\u2019une classe (ou section) bilingue suppose l&rsquo;existence d&rsquo;une demande exprim\u00e9e et reconnue avec un minimum de 15 \u00e9l\u00e8ves. Cette cr\u00e9ation peut r\u00e9sulter d&rsquo;une initiative<\/p>\n","protected":false},"author":1,"featured_media":0,"parent":30,"menu_order":5,"comment_status":"closed","ping_status":"closed","template":"","meta":{"footnotes":""},"class_list":["post-55","page","type-page","status-publish","hentry"],"_links":{"self":[{"href":"https:\/\/www.kinderlaterne.com\/index.php\/wp-json\/wp\/v2\/pages\/55","targetHints":{"allow":["GET"]}}],"collection":[{"href":"https:\/\/www.kinderlaterne.com\/index.php\/wp-json\/wp\/v2\/pages"}],"about":[{"href":"https:\/\/www.kinderlaterne.com\/index.php\/wp-json\/wp\/v2\/types\/page"}],"author":[{"embeddable":true,"href":"https:\/\/www.kinderlaterne.com\/index.php\/wp-json\/wp\/v2\/users\/1"}],"replies":[{"embeddable":true,"href":"https:\/\/www.kinderlaterne.com\/index.php\/wp-json\/wp\/v2\/comments?post=55"}],"version-history":[{"count":2,"href":"https:\/\/www.kinderlaterne.com\/index.php\/wp-json\/wp\/v2\/pages\/55\/revisions"}],"predecessor-version":[{"id":59,"href":"https:\/\/www.kinderlaterne.com\/index.php\/wp-json\/wp\/v2\/pages\/55\/revisions\/59"}],"up":[{"embeddable":true,"href":"https:\/\/www.kinderlaterne.com\/index.php\/wp-json\/wp\/v2\/pages\/30"}],"wp:attachment":[{"href":"https:\/\/www.kinderlaterne.com\/index.php\/wp-json\/wp\/v2\/media?parent=55"}],"curies":[{"name":"wp","href":"https:\/\/api.w.org\/{rel}","templated":true}]}}