{"id":561,"date":"2017-10-16T20:55:13","date_gmt":"2017-10-16T18:55:13","guid":{"rendered":"http:\/\/www.kinderlaterne.com\/?page_id=561"},"modified":"2023-09-19T19:37:47","modified_gmt":"2023-09-19T17:37:47","slug":"liens-utiles","status":"publish","type":"page","link":"https:\/\/www.kinderlaterne.com\/index.php\/liens-utiles\/","title":{"rendered":"Liens utiles"},"content":{"rendered":"<p><strong>Lanternes et Chants pour la Saint Martin<\/strong><\/p>\n<p>Fabriquez avec vos enfants les lampions pour le traditionnel d\u00e9fil\u00e9 de la <strong><a href=\"https:\/\/www.kinderlaterne.com\/index.php\/evenements\/st-martin\/\">F\u00eate de la St Martin !<\/a><\/strong><\/p>\n<p>Voici quelques id\u00e9es:<\/p>\n<div id='gallery-1' class='gallery galleryid-561 gallery-columns-4 gallery-size-thumbnail'><figure class='gallery-item'>\n\t\t\t<div class='gallery-icon portrait'>\n\t\t\t\t<a href='https:\/\/www.kinderlaterne.com\/index.php\/liens-utiles\/lanterne-a-etoiles_qnb\/'><img loading=\"lazy\" decoding=\"async\" width=\"150\" height=\"150\" src=\"https:\/\/www.kinderlaterne.com\/wp-content\/uploads\/2017\/10\/lanterne-a-etoiles_qnb-150x150.jpg\" class=\"attachment-thumbnail size-thumbnail\" alt=\"\" aria-describedby=\"gallery-1-574\" srcset=\"https:\/\/www.kinderlaterne.com\/wp-content\/uploads\/2017\/10\/lanterne-a-etoiles_qnb-150x150.jpg 150w, https:\/\/www.kinderlaterne.com\/wp-content\/uploads\/2017\/10\/lanterne-a-etoiles_qnb-500x500.jpg 500w\" sizes=\"auto, (max-width: 150px) 100vw, 150px\" \/><\/a>\n\t\t\t<\/div>\n\t\t\t\t<figcaption class='wp-caption-text gallery-caption' id='gallery-1-574'>\n\t\t\t\tLanterne \u00e0 \u00e9toiles\n\t\t\t\t<\/figcaption><\/figure><figure class='gallery-item'>\n\t\t\t<div class='gallery-icon landscape'>\n\t\t\t\t<a href='https:\/\/www.kinderlaterne.com\/index.php\/liens-utiles\/minions-laterne-270x180-430885\/'><img loading=\"lazy\" decoding=\"async\" width=\"150\" height=\"150\" src=\"https:\/\/www.kinderlaterne.com\/wp-content\/uploads\/2017\/10\/minions-laterne-270x180-430885-150x150.jpg\" class=\"attachment-thumbnail size-thumbnail\" alt=\"\" aria-describedby=\"gallery-1-569\" \/><\/a>\n\t\t\t<\/div>\n\t\t\t\t<figcaption class='wp-caption-text gallery-caption' id='gallery-1-569'>\n\t\t\t\tMinions\n\t\t\t\t<\/figcaption><\/figure><figure class='gallery-item'>\n\t\t\t<div class='gallery-icon landscape'>\n\t\t\t\t<a href='https:\/\/www.kinderlaterne.com\/index.php\/liens-utiles\/laterne\/'><img loading=\"lazy\" decoding=\"async\" width=\"150\" height=\"150\" src=\"https:\/\/www.kinderlaterne.com\/wp-content\/uploads\/2017\/10\/laterne-150x150.jpg\" class=\"attachment-thumbnail size-thumbnail\" alt=\"\" aria-describedby=\"gallery-1-568\" \/><\/a>\n\t\t\t<\/div>\n\t\t\t\t<figcaption class='wp-caption-text gallery-caption' id='gallery-1-568'>\n\t\t\t\tMilchkarton\n\t\t\t\t<\/figcaption><\/figure><figure class='gallery-item'>\n\t\t\t<div class='gallery-icon landscape'>\n\t\t\t\t<a href='https:\/\/www.kinderlaterne.com\/index.php\/liens-utiles\/kleisterlaterne\/'><img loading=\"lazy\" decoding=\"async\" width=\"150\" height=\"150\" src=\"https:\/\/www.kinderlaterne.com\/wp-content\/uploads\/2017\/10\/kleisterlaterne-150x150.jpg\" class=\"attachment-thumbnail size-thumbnail\" alt=\"\" aria-describedby=\"gallery-1-567\" \/><\/a>\n\t\t\t<\/div>\n\t\t\t\t<figcaption class='wp-caption-text gallery-caption' id='gallery-1-567'>\n\t\t\t\tLuftballon\n\t\t\t\t<\/figcaption><\/figure>\n\t\t<\/div>\n\n<p><a href=\"http:\/\/fr.hellokids.com\/c_5413\/activites-manuelles\/bricolage-deco\/lanterne-a-etoiles\">Lanterne \u00e0 \u00e9toiles<\/a><\/p>\n<p><a href=\"http:\/\/www.familie.de\/diy\/minions-laterne-basteln-949824.html\">Minions-Laterne<\/a><\/p>\n<p><a href=\"http:\/\/www.brigitte.de\/familie\/haben-wollen\/laterne-aus-milchtuete-basteln-anleitung-schritt-fuer-schritt-erklaert-10853500.html\">Laternen aus Milcht\u00fcten basteln<\/a><\/p>\n<p>&nbsp;<\/p>\n<p><strong>Chants pour la Saint Martin:<\/strong><\/p>\n<p><a href=\"https:\/\/www.youtube.com\/watch?v=oixRjkUsV1g\">Ich geh mit meiner Laterne<\/a><\/p>\n<p><a href=\"https:\/\/www.youtube.com\/watch?v=qevZkMfqXOg\">Kommt, wir woll&rsquo;n Laterne laufen<\/a><\/p>\n<p><a href=\"https:\/\/www.youtube.com\/watch?v=6cV1o_JlgWY\">Laterne, Laterne<\/a><\/p>\n","protected":false},"excerpt":{"rendered":"<p>Lanternes et Chants pour la Saint Martin Fabriquez avec vos enfants les lampions pour le traditionnel d\u00e9fil\u00e9 de la F\u00eate de la St Martin !<\/p>\n","protected":false},"author":1,"featured_media":0,"parent":0,"menu_order":0,"comment_status":"closed","ping_status":"closed","template":"","meta":{"footnotes":""},"class_list":["post-561","page","type-page","status-publish","hentry"],"_links":{"self":[{"href":"https:\/\/www.kinderlaterne.com\/index.php\/wp-json\/wp\/v2\/pages\/561","targetHints":{"allow":["GET"]}}],"collection":[{"href":"https:\/\/www.kinderlaterne.com\/index.php\/wp-json\/wp\/v2\/pages"}],"about":[{"href":"https:\/\/www.kinderlaterne.com\/index.php\/wp-json\/wp\/v2\/types\/page"}],"author":[{"embeddable":true,"href":"https:\/\/www.kinderlaterne.com\/index.php\/wp-json\/wp\/v2\/users\/1"}],"replies":[{"embeddable":true,"href":"https:\/\/www.kinderlaterne.com\/index.php\/wp-json\/wp\/v2\/comments?post=561"}],"version-history":[{"count":10,"href":"https:\/\/www.kinderlaterne.com\/index.php\/wp-json\/wp\/v2\/pages\/561\/revisions"}],"predecessor-version":[{"id":1628,"href":"https:\/\/www.kinderlaterne.com\/index.php\/wp-json\/wp\/v2\/pages\/561\/revisions\/1628"}],"wp:attachment":[{"href":"https:\/\/www.kinderlaterne.com\/index.php\/wp-json\/wp\/v2\/media?parent=561"}],"curies":[{"name":"wp","href":"https:\/\/api.w.org\/{rel}","templated":true}]}}